{"id":30,"date":"2026-05-03T16:37:20","date_gmt":"2026-05-03T16:37:20","guid":{"rendered":"https:\/\/kvietiniubendruomene.lt\/?page_id=30"},"modified":"2026-05-03T16:55:54","modified_gmt":"2026-05-03T16:55:54","slug":"musu-veikla","status":"publish","type":"page","link":"https:\/\/kvietiniubendruomene.lt\/?page_id=30","title":{"rendered":"M\u016aS\u0172 VEIKLA"},"content":{"rendered":"\n<h2 class=\"wp-block-heading\">2025 m. veiklos ataskaita<\/h2>\n\n\n\n<p>1. Vasario 16 -osios\/Kovo 11-osios min\u0117jimui &#8211; lauko erdvi\u0173 puo\u0161imas.<\/p>\n\n\n\n<p>2. U\u017egav\u0117n\u0117s Kvietiniuose \u201eKAUKI\u0172 \u0160\u0116LSMAS\u201c. Kartu su GKC kult\u016bros centru.<\/p>\n\n\n\n<p>3. Krosini\u0173 motocikl\u0173 daromos \u017ealos prevencija. Kreip\u0117m\u0117s \u012f institucijas d\u0117l krosini\u0173 motocikl\u0173 daromos \u017ealos gamtai.<\/p>\n\n\n\n<p>4. Garg\u017ed\u0173 gimtadienio eisena. Dalyvavome eisenoje su Kvietini\u0173 Gr\u0117barka.<\/p>\n\n\n\n<p>5. Pavasarini\u0173 g\u0117li\u0173 sodinimo talka.<\/p>\n\n\n\n<p>6. Klaip\u0117dos rajono moter\u0173 kvadrato var\u017eybos, I vieta.<\/p>\n\n\n\n<p>7. Pasiruo\u0161imas did\u017eiausiai met\u0173 \u0161ventei \u201eMindaugin\u0117s Kvietiniuose\u201c. Organizavome talk\u0105 bromo, sosto statymui, vainiko pynimui, \u0161vent\u0117s erdvi\u0173 puo\u0161ybai.<\/p>\n\n\n\n<p>8. Tradicinis dvira\u010di\u0173 \u017eygis Kvietini\u0173 gatv\u0117mis. Sporto \u0161vent\u0117 kartu su Garg\u017ed\u0173 Sporto centru.<\/p>\n\n\n\n<p>&nbsp;9. \u0160vent\u0117 \u201eMindaugin\u0117s Kvietiniuose 2025\u201c.<\/p>\n\n\n\n<p>10. Tautin\u0117 giesm\u0117 aplink pasaul\u012f 2025. Kartu su viso pasaulio lietuviais giedojome tautin\u0119 giesm\u0119 ant Kvietini\u0173 lauko scenos.<\/p>\n\n\n\n<p>11. \u017dolin\u0117 Kvietiniuose ir Gr\u0117barkos traukimo \u010dempionatas 2025.<\/p>\n\n\n\n<p>12. Prisijung\u0117me prie d\u0117l sk\u0117tin\u0117s asociacijos \u201e\u0160audykl\u0173 triuk\u0161mo ir poveikio bendruomen\u0117ms asociacija\u201c steigimo. Esame vieni i\u0161 asociacijos steig\u0117j\u0173.<\/p>\n\n\n\n<p>13. Projektas \u201ePavasario pievut\u0117 Kvietiniuose\u201c pagal aplinkosauginio \u0161vietimo projekt\u0173 r\u0117mimo program\u0105.<\/p>\n\n\n\n<p>14. Krok\u0173 sodinimo talka pagal projekt\u0105 \u201ePavasario pievut\u0117 Kvietiniuose\u201c. \u0160io m\u016bs\u0173 laim\u0117to ir \u012fgyvendinto projekto krokai d\u017eiugina mus \u0161iuo metu.<\/p>\n\n\n\n<p>15. Kelion\u0117 \u012f Vilni\u0173: Aplank\u0117me Valdov\u0173 r\u016bmus LR Seim\u0105. Kelion\u0117 organizuota bendradarbiaujant su LR Seimo nariu A. Mockumi.<\/p>\n\n\n\n<p>16.&nbsp; Kal\u0117d\u0173 eglut\u0117s puo\u0161imas ir \u012f\u017eiebimo \u0161vent\u0117 su Kal\u0117d\u0173 seneliu \u201e\u0160viesos ir stebuklo kelion\u0117\u201c 2025. Kartu su GKC kult\u016bros centru.<\/p>\n","protected":false},"excerpt":{"rendered":"<p>2025 m. veiklos ataskaita 1. Vasario 16 -osios\/Kovo 11-osios min\u0117jimui &#8211; lauko erdvi\u0173 puo\u0161imas. 2. U\u017egav\u0117n\u0117s Kvietiniuose \u201eKAUKI\u0172 \u0160\u0116LSMAS\u201c. Kartu [&hellip;]<\/p>\n","protected":false},"author":1,"featured_media":0,"parent":0,"menu_order":0,"comment_status":"closed","ping_status":"closed","template":"","meta":{"site-sidebar-layout":"default","site-content-layout":"","ast-site-content-layout":"default","site-content-style":"default","site-sidebar-style":"default","ast-global-header-display":"","ast-banner-title-visibility":"","ast-main-header-display":"","ast-hfb-above-header-display":"","ast-hfb-below-header-display":"","ast-hfb-mobile-header-display":"","site-post-title":"","ast-breadcrumbs-content":"","ast-featured-img":"","footer-sml-layout":"","ast-disable-related-posts":"","theme-transparent-header-meta":"","adv-header-id-meta":"","stick-header-meta":"","header-above-stick-meta":"","header-main-stick-meta":"","header-below-stick-meta":"","astra-migrate-meta-layouts":"default","ast-page-background-enabled":"default","ast-page-background-meta":{"desktop":{"background-color":"var(--ast-global-color-5)","background-image":"","background-repeat":"repeat","background-position":"center center","background-size":"auto","background-attachment":"scroll","background-type":"","background-media":"","overlay-type":"","overlay-color":"","overlay-opacity":"","overlay-gradient":""},"tablet":{"background-color":"","background-image":"","background-repeat":"repeat","background-position":"center center","background-size":"auto","background-attachment":"scroll","background-type":"","background-media":"","overlay-type":"","overlay-color":"","overlay-opacity":"","overlay-gradient":""},"mobile":{"background-color":"","background-image":"","background-repeat":"repeat","background-position":"center center","background-size":"auto","background-attachment":"scroll","background-type":"","background-media":"","overlay-type":"","overlay-color":"","overlay-opacity":"","overlay-gradient":""}},"ast-content-background-meta":{"desktop":{"background-color":"var(--ast-global-color-4)","background-image":"","background-repeat":"repeat","background-position":"center center","background-size":"auto","background-attachment":"scroll","background-type":"","background-media":"","overlay-type":"","overlay-color":"","overlay-opacity":"","overlay-gradient":""},"tablet":{"background-color":"var(--ast-global-color-4)","background-image":"","background-repeat":"repeat","background-position":"center center","background-size":"auto","background-attachment":"scroll","background-type":"","background-media":"","overlay-type":"","overlay-color":"","overlay-opacity":"","overlay-gradient":""},"mobile":{"background-color":"var(--ast-global-color-4)","background-image":"","background-repeat":"repeat","background-position":"center center","background-size":"auto","background-attachment":"scroll","background-type":"","background-media":"","overlay-type":"","overlay-color":"","overlay-opacity":"","overlay-gradient":""}},"footnotes":""},"class_list":["post-30","page","type-page","status-publish","hentry"],"_links":{"self":[{"href":"https:\/\/kvietiniubendruomene.lt\/index.php?rest_route=\/wp\/v2\/pages\/30","targetHints":{"allow":["GET"]}}],"collection":[{"href":"https:\/\/kvietiniubendruomene.lt\/index.php?rest_route=\/wp\/v2\/pages"}],"about":[{"href":"https:\/\/kvietiniubendruomene.lt\/index.php?rest_route=\/wp\/v2\/types\/page"}],"author":[{"embeddable":true,"href":"https:\/\/kvietiniubendruomene.lt\/index.php?rest_route=\/wp\/v2\/users\/1"}],"replies":[{"embeddable":true,"href":"https:\/\/kvietiniubendruomene.lt\/index.php?rest_route=%2Fwp%2Fv2%2Fcomments&post=30"}],"version-history":[{"count":2,"href":"https:\/\/kvietiniubendruomene.lt\/index.php?rest_route=\/wp\/v2\/pages\/30\/revisions"}],"predecessor-version":[{"id":39,"href":"https:\/\/kvietiniubendruomene.lt\/index.php?rest_route=\/wp\/v2\/pages\/30\/revisions\/39"}],"wp:attachment":[{"href":"https:\/\/kvietiniubendruomene.lt\/index.php?rest_route=%2Fwp%2Fv2%2Fmedia&parent=30"}],"curies":[{"name":"wp","href":"https:\/\/api.w.org\/{rel}","templated":true}]}}