{"id":635,"date":"2026-05-05T16:18:52","date_gmt":"2026-05-05T16:18:52","guid":{"rendered":"https:\/\/kvietiniubendruomene.lt\/?page_id=635"},"modified":"2026-05-05T16:39:46","modified_gmt":"2026-05-05T16:39:46","slug":"kvietiniu-pradzios-mokykla","status":"publish","type":"page","link":"https:\/\/kvietiniubendruomene.lt\/?page_id=635","title":{"rendered":"Kvietini\u0173 prad\u017eios mokykla"},"content":{"rendered":"\n<p><strong>KVIETINI\u0172 PRAD\u017dIOS MOKYKLA PAS \u016aKININK\u0104<\/strong> <strong>PRAN\u0104 MINEIK\u012e<\/strong>, (dab. Ateities g. 49, Kvietiniai)<\/p>\n\n\n\n<p>Garg\u017ed\u0173 vals\u010dius Kvietini\u0173 kaime prad\u017eios mokyklos komplekt\u0105 atidar\u0117 1924 m. \u016bkininko Prano Mineikio gyvenamajame pastate, nuomotose patalpose.<\/p>\n\n\n\n<figure class=\"wp-block-image aligncenter size-large is-resized\"><img loading=\"lazy\" decoding=\"async\" width=\"1024\" height=\"678\" src=\"https:\/\/kvietiniubendruomene.lt\/wp-content\/uploads\/2026\/05\/mokykla-mineikis-1024x678.jpg\" alt=\"\" class=\"wp-image-637\" style=\"object-fit:cover;width:600px;height:400px\" srcset=\"https:\/\/kvietiniubendruomene.lt\/wp-content\/uploads\/2026\/05\/mokykla-mineikis-1024x678.jpg 1024w, https:\/\/kvietiniubendruomene.lt\/wp-content\/uploads\/2026\/05\/mokykla-mineikis-300x199.jpg 300w, https:\/\/kvietiniubendruomene.lt\/wp-content\/uploads\/2026\/05\/mokykla-mineikis-768x508.jpg 768w, https:\/\/kvietiniubendruomene.lt\/wp-content\/uploads\/2026\/05\/mokykla-mineikis.jpg 1095w\" sizes=\"auto, (max-width: 1024px) 100vw, 1024px\" \/><\/figure>\n\n\n\n<p>&nbsp;Pranas Mineikis, carin\u0117s okupacijos laikais, buvo paimtas rekr\u016btu, dalyvavo rus\u0173 japon\u0173 (1905\u20131907) kare. Pab\u0117g\u0119s i\u0161 japon\u0173 nelaisv\u0117s, gr\u012f\u017eo \u012f gimt\u0105j\u012f Kvietini\u0173 kaim\u0105. U\u017e 11 met\u0173 tarnyb\u0105 rekr\u016btu dar carin\u0117s okupacijos metais gav\u0119s \u0161ioje vietoje \u017eem\u0117s,&nbsp; tarp 1909\u20131914 m. pasistat\u0117 \u010dia sodyb\u0105.&nbsp; Sodybos apstatym\u0105, ap\u017eeldinim\u0105 planavo paveiktas Rytpr\u016bsi\u0173 \u016bkinink\u0173 sodyb\u0173 vaizdo. Sodyboje 1914 m. pastatytas medinis namas auk\u0161tu stogo kraigu, 23,5 m x 12 m dyd\u017eio,&nbsp; buvo kaime vienas did\u017eiausi\u0173 gyvenam\u0173j\u0173 pastat\u0173.<\/p>\n\n\n\n<p>Garg\u017ed\u0173 vals\u010dius patalpas Kvietini\u0173 prad\u017eios mokyklos komplektui pas \u016bkinink\u0105 Pran\u0105 Mineik\u012f nuomojosi apie 21 metus \u2013 nuo 1924 m. iki 1945 m. rudens. 1933 m. Kvietini\u0173 prad\u017eios mokykla buvo prijungta kaip penktas komplektas prie Garg\u017ed\u0173 prad\u017eios mokyklos. 1933 m. mokykl\u0105&nbsp; lank\u0117 23 vaikai. Mokykla buvo \u012fsik\u016brusi namo piet\u0173 pus\u0117je. Joje yra mokytojav\u0119 A. Urbonas, A. Paulauskas, (-) Jankauskas, Veronika \u0160umskien\u0117, (-) Mikalnien\u0117, (-) Adomaitis, Magdut\u0117 Paulauskait\u0117, kuriai pad\u0117davo gimnazist\u0117 Ona Tamo\u0161auskait\u0117-\u0160pu\u010dien\u0117, Liudas Jurgulis, (-) Jan\u010daitis. Dalis mokytoj\u0173&nbsp; \u010dia yra ir gyven\u0119.&nbsp;&nbsp;&nbsp;<\/p>\n\n\n\n<p>Kvietini\u0173 kaimo \u016bkininkus Tel\u0161inskus soviet\u0173 vald\u017eiai 1945 m. rugpj\u016b\u010dio m\u0117n. i\u0161tr\u0117mus \u012f Sibir\u0105, mokykla perkelta \u012f soviet\u0173 vald\u017eios nusavintos Tel\u0161insk\u0173 sodybos nam\u0105 kaimo ryt\u0173 pakra\u0161tyje (dab. Minijos g.). Prano Mineikio name, i\u0161k\u0117lus mokykl\u0105, 1945 m. ruden\u012f kelis m\u0117nesius veik\u0117 vaik\u0173 dar\u017eelis.&nbsp;<\/p>\n\n\n\n<p>Namas\u00a0 i\u0161or\u0117je ir viduje turi remont\u0173, rekonstrukcij\u0173 \u017eymi\u0173, bet i\u0161 esm\u0117s jo senieji gabaritai, architekt\u016bros vaizdas, vidaus strukt\u016bra (piet\u0173 pus\u0117je \u2013 mi\u0161ri, \u0161iaur\u0117s \u2013 koridorin\u0117 sistema) i\u0161lik\u0119.\u00a0\u00a0\u0160iuo metu Prano Mineikio name gyvena jo palikuoni\u0173 Edvardo Mineikio ir Ambrozinos Mineikyt\u0117s \u2013 Valan\u010dien\u0117s \u0161eimos<\/p>\n","protected":false},"excerpt":{"rendered":"<p>KVIETINI\u0172 PRAD\u017dIOS MOKYKLA PAS \u016aKININK\u0104 PRAN\u0104 MINEIK\u012e, (dab. Ateities g. 49, Kvietiniai) Garg\u017ed\u0173 vals\u010dius Kvietini\u0173 kaime prad\u017eios mokyklos komplekt\u0105 atidar\u0117 [&hellip;]<\/p>\n","protected":false},"author":1,"featured_media":0,"parent":0,"menu_order":0,"comment_status":"closed","ping_status":"closed","template":"","meta":{"site-sidebar-layout":"default","site-content-layout":"","ast-site-content-layout":"default","site-content-style":"default","site-sidebar-style":"default","ast-global-header-display":"","ast-banner-title-visibility":"","ast-main-header-display":"","ast-hfb-above-header-display":"","ast-hfb-below-header-display":"","ast-hfb-mobile-header-display":"","site-post-title":"","ast-breadcrumbs-content":"","ast-featured-img":"","footer-sml-layout":"","ast-disable-related-posts":"","theme-transparent-header-meta":"","adv-header-id-meta":"","stick-header-meta":"","header-above-stick-meta":"","header-main-stick-meta":"","header-below-stick-meta":"","astra-migrate-meta-layouts":"default","ast-page-background-enabled":"default","ast-page-background-meta":{"desktop":{"background-color":"var(--ast-global-color-5)","background-image":"","background-repeat":"repeat","background-position":"center center","background-size":"auto","background-attachment":"scroll","background-type":"","background-media":"","overlay-type":"","overlay-color":"","overlay-opacity":"","overlay-gradient":""},"tablet":{"background-color":"","background-image":"","background-repeat":"repeat","background-position":"center center","background-size":"auto","background-attachment":"scroll","background-type":"","background-media":"","overlay-type":"","overlay-color":"","overlay-opacity":"","overlay-gradient":""},"mobile":{"background-color":"","background-image":"","background-repeat":"repeat","background-position":"center center","background-size":"auto","background-attachment":"scroll","background-type":"","background-media":"","overlay-type":"","overlay-color":"","overlay-opacity":"","overlay-gradient":""}},"ast-content-background-meta":{"desktop":{"background-color":"var(--ast-global-color-4)","background-image":"","background-repeat":"repeat","background-position":"center center","background-size":"auto","background-attachment":"scroll","background-type":"","background-media":"","overlay-type":"","overlay-color":"","overlay-opacity":"","overlay-gradient":""},"tablet":{"background-color":"var(--ast-global-color-4)","background-image":"","background-repeat":"repeat","background-position":"center center","background-size":"auto","background-attachment":"scroll","background-type":"","background-media":"","overlay-type":"","overlay-color":"","overlay-opacity":"","overlay-gradient":""},"mobile":{"background-color":"var(--ast-global-color-4)","background-image":"","background-repeat":"repeat","background-position":"center center","background-size":"auto","background-attachment":"scroll","background-type":"","background-media":"","overlay-type":"","overlay-color":"","overlay-opacity":"","overlay-gradient":""}},"footnotes":""},"class_list":["post-635","page","type-page","status-publish","hentry"],"_links":{"self":[{"href":"https:\/\/kvietiniubendruomene.lt\/index.php?rest_route=\/wp\/v2\/pages\/635","targetHints":{"allow":["GET"]}}],"collection":[{"href":"https:\/\/kvietiniubendruomene.lt\/index.php?rest_route=\/wp\/v2\/pages"}],"about":[{"href":"https:\/\/kvietiniubendruomene.lt\/index.php?rest_route=\/wp\/v2\/types\/page"}],"author":[{"embeddable":true,"href":"https:\/\/kvietiniubendruomene.lt\/index.php?rest_route=\/wp\/v2\/users\/1"}],"replies":[{"embeddable":true,"href":"https:\/\/kvietiniubendruomene.lt\/index.php?rest_route=%2Fwp%2Fv2%2Fcomments&post=635"}],"version-history":[{"count":4,"href":"https:\/\/kvietiniubendruomene.lt\/index.php?rest_route=\/wp\/v2\/pages\/635\/revisions"}],"predecessor-version":[{"id":667,"href":"https:\/\/kvietiniubendruomene.lt\/index.php?rest_route=\/wp\/v2\/pages\/635\/revisions\/667"}],"wp:attachment":[{"href":"https:\/\/kvietiniubendruomene.lt\/index.php?rest_route=%2Fwp%2Fv2%2Fmedia&parent=635"}],"curies":[{"name":"wp","href":"https:\/\/api.w.org\/{rel}","templated":true}]}}