{"id":8,"date":"2026-05-03T13:44:19","date_gmt":"2026-05-03T13:44:19","guid":{"rendered":"https:\/\/kvietiniubendruomene.lt\/?page_id=8"},"modified":"2026-05-04T11:09:11","modified_gmt":"2026-05-04T11:09:11","slug":"pagrindinis","status":"publish","type":"page","link":"https:\/\/kvietiniubendruomene.lt\/","title":{"rendered":"PAGRINDINIS"},"content":{"rendered":"\n<figure class=\"wp-block-image size-full is-resized\"><img loading=\"lazy\" decoding=\"async\" width=\"500\" height=\"500\" src=\"https:\/\/kvietiniubendruomene.lt\/wp-content\/uploads\/2026\/05\/KBC-logo.png\" alt=\"\" class=\"wp-image-13\" style=\"width:244px;height:auto\" srcset=\"https:\/\/kvietiniubendruomene.lt\/wp-content\/uploads\/2026\/05\/KBC-logo.png 500w, https:\/\/kvietiniubendruomene.lt\/wp-content\/uploads\/2026\/05\/KBC-logo-300x300.png 300w, https:\/\/kvietiniubendruomene.lt\/wp-content\/uploads\/2026\/05\/KBC-logo-150x150.png 150w\" sizes=\"auto, (max-width: 500px) 100vw, 500px\" \/><figcaption class=\"wp-element-caption\"><em><strong>Kvietini\u0173 bendruomen\u0117 \u2013<\/strong> tai vieninga ir aktyvi \u017emoni\u0173 bendruomen\u0117, kuri r\u016bpinasi savo kra\u0161to gerove, puosel\u0117ja tradicijas ir skatina tarpusavio bendravim\u0105. <br>Bendruomen\u0117s aktyvas siekia kurti jauki\u0105, saugi\u0105 ir draugi\u0161k\u0105 aplink\u0105 visiems gyventojams. \u010cia svarbus kiekvienas \u017emogus \u2013 jo id\u0117jos, iniciatyvos ir noras prisid\u0117ti prie bendro g\u0117rio. <\/em><br>B<em>endruomen\u0117s valdyba kartu su aktyviais Kvietini\u0173 gyventojais organizuoja \u012fvairias \u0161ventes, susitikimus bei kitus renginius. Vienas i\u0161 svarbiausi\u0173 ir vis\u0173 laukiam\u0173 rengini\u0173 \u2013 \u201eMindaugin\u0117s Kvietiniuose\u201c, kuri suburia bendruomen\u0119, stiprina tarpusavio ry\u0161ius, garsina Kvietinius ir puosel\u0117ja Lietuvos istorij\u0105, tradicijas.<br>Kvietini\u0161kiai did\u017eiuojasi savo kra\u0161tu ir kartu kuria jauki\u0105, draugi\u0161k\u0105 bei gyv\u0105 vietos bendruomen\u0119, kurioje gera gyventi ir b\u016bti. <\/em><\/figcaption><\/figure>\n\n\n\n<p><em>Kvie\u010diame prisijungti!<\/em><\/p>\n\n\n\n<p><strong><em>Kvietini\u0173 valdybos sud\u0117tis:<\/em><\/strong> <\/p>\n\n\n\n<p><em>Gediminas Girg\u017edis &#8211; valdybos pirmininkas, tel. +37065375090<\/em><\/p>\n\n\n\n<p><em>Vilma Vind\u017eigelskien\u0117 &#8211; valdybos nar\u0117<\/em><\/p>\n\n\n\n<p><em>Vida Gel\u017einien\u0117 &#8211; valdybos nar\u0117<\/em><\/p>\n\n\n\n<p><em>Edita Kirlien\u0117 &#8211; valdybos nar\u0117<\/em><\/p>\n\n\n\n<p><em>Algimantas Daug\u0117la &#8211; valdybos narys<\/em><\/p>\n\n\n\n<p><em>Sigita Girg\u017edien\u0117 &#8211; valdybos nar\u0117<\/em><\/p>\n\n\n\n<p><em>Viktorija Benci\u016bt\u0117 &#8211; valdybos nar\u0117<\/em><\/p>\n\n\n\n<h2 class=\"wp-block-heading\"><em>Kvietini\u0173 bendruomen\u0117 \u2013 vienyb\u0117, tradicijos ir bendryst\u0117!<\/em><\/h2>\n\n\n\n<hr class=\"wp-block-separator has-alpha-channel-opacity\"\/>\n\n\n\n<p><strong>KONTAKTAI:<\/strong><\/p>\n\n\n\n<p><strong>Asociacija \u201eKvietini\u0173 bendruomen\u0117s centras\u201c <\/strong><\/p>\n\n\n\n<p><strong>\u012emon\u0117s kodas: 301505841<\/strong><\/p>\n\n\n\n<p><strong>Adresas: Jaunimo g. 5, Kvietiniai, Klaip\u0117dos rajonas  <\/strong><\/p>\n\n\n\n<p><strong>Tel. +370 <em>65375090<\/em><\/strong> \/ <strong>kvietiniai.bendruomene@gmail.com<\/strong><\/p>\n\n\n\n<p><\/p>\n","protected":false},"excerpt":{"rendered":"<p>Kvie\u010diame prisijungti! Kvietini\u0173 valdybos sud\u0117tis: Gediminas Girg\u017edis &#8211; valdybos pirmininkas, tel. +37065375090 Vilma Vind\u017eigelskien\u0117 &#8211; valdybos nar\u0117 Vida Gel\u017einien\u0117 &#8211; [&hellip;]<\/p>\n","protected":false},"author":1,"featured_media":0,"parent":0,"menu_order":0,"comment_status":"closed","ping_status":"closed","template":"","meta":{"site-sidebar-layout":"default","site-content-layout":"","ast-site-content-layout":"default","site-content-style":"default","site-sidebar-style":"default","ast-global-header-display":"","ast-banner-title-visibility":"","ast-main-header-display":"","ast-hfb-above-header-display":"","ast-hfb-below-header-display":"","ast-hfb-mobile-header-display":"","site-post-title":"","ast-breadcrumbs-content":"","ast-featured-img":"","footer-sml-layout":"","ast-disable-related-posts":"","theme-transparent-header-meta":"","adv-header-id-meta":"","stick-header-meta":"","header-above-stick-meta":"","header-main-stick-meta":"","header-below-stick-meta":"","astra-migrate-meta-layouts":"default","ast-page-background-enabled":"default","ast-page-background-meta":{"desktop":{"background-color":"var(--ast-global-color-5)","background-image":"","background-repeat":"repeat","background-position":"center center","background-size":"auto","background-attachment":"scroll","background-type":"","background-media":"","overlay-type":"","overlay-color":"","overlay-opacity":"","overlay-gradient":""},"tablet":{"background-color":"","background-image":"","background-repeat":"repeat","background-position":"center center","background-size":"auto","background-attachment":"scroll","background-type":"","background-media":"","overlay-type":"","overlay-color":"","overlay-opacity":"","overlay-gradient":""},"mobile":{"background-color":"","background-image":"","background-repeat":"repeat","background-position":"center center","background-size":"auto","background-attachment":"scroll","background-type":"","background-media":"","overlay-type":"","overlay-color":"","overlay-opacity":"","overlay-gradient":""}},"ast-content-background-meta":{"desktop":{"background-color":"var(--ast-global-color-4)","background-image":"","background-repeat":"repeat","background-position":"center center","background-size":"auto","background-attachment":"scroll","background-type":"","background-media":"","overlay-type":"","overlay-color":"","overlay-opacity":"","overlay-gradient":""},"tablet":{"background-color":"var(--ast-global-color-4)","background-image":"","background-repeat":"repeat","background-position":"center center","background-size":"auto","background-attachment":"scroll","background-type":"","background-media":"","overlay-type":"","overlay-color":"","overlay-opacity":"","overlay-gradient":""},"mobile":{"background-color":"var(--ast-global-color-4)","background-image":"","background-repeat":"repeat","background-position":"center center","background-size":"auto","background-attachment":"scroll","background-type":"","background-media":"","overlay-type":"","overlay-color":"","overlay-opacity":"","overlay-gradient":""}},"footnotes":""},"class_list":["post-8","page","type-page","status-publish","hentry"],"_links":{"self":[{"href":"https:\/\/kvietiniubendruomene.lt\/index.php?rest_route=\/wp\/v2\/pages\/8","targetHints":{"allow":["GET"]}}],"collection":[{"href":"https:\/\/kvietiniubendruomene.lt\/index.php?rest_route=\/wp\/v2\/pages"}],"about":[{"href":"https:\/\/kvietiniubendruomene.lt\/index.php?rest_route=\/wp\/v2\/types\/page"}],"author":[{"embeddable":true,"href":"https:\/\/kvietiniubendruomene.lt\/index.php?rest_route=\/wp\/v2\/users\/1"}],"replies":[{"embeddable":true,"href":"https:\/\/kvietiniubendruomene.lt\/index.php?rest_route=%2Fwp%2Fv2%2Fcomments&post=8"}],"version-history":[{"count":13,"href":"https:\/\/kvietiniubendruomene.lt\/index.php?rest_route=\/wp\/v2\/pages\/8\/revisions"}],"predecessor-version":[{"id":179,"href":"https:\/\/kvietiniubendruomene.lt\/index.php?rest_route=\/wp\/v2\/pages\/8\/revisions\/179"}],"wp:attachment":[{"href":"https:\/\/kvietiniubendruomene.lt\/index.php?rest_route=%2Fwp%2Fv2%2Fmedia&parent=8"}],"curies":[{"name":"wp","href":"https:\/\/api.w.org\/{rel}","templated":true}]}}